{"id":143,"date":"2012-09-13T16:08:19","date_gmt":"2012-09-13T16:08:19","guid":{"rendered":"http:\/\/blog.luisrodriguez.pe\/?page_id=143"},"modified":"2022-11-08T00:35:18","modified_gmt":"2022-11-08T00:35:18","slug":"acerca-de-mi","status":"publish","type":"page","link":"https:\/\/luisrodriguez.pe\/blog\/acerca-de-mi\/","title":{"rendered":"Acerca de mi"},"content":{"rendered":"<h1><strong><a href=\"http:\/\/luisrodriguez.pe\/blog\/wp-content\/uploads\/2022\/11\/image.png\"><img fetchpriority=\"high\" decoding=\"async\" class=\"wp-image-1605 size-full alignleft\" src=\"http:\/\/luisrodriguez.pe\/blog\/wp-content\/uploads\/2022\/11\/image.png\" alt=\"\" width=\"350\" height=\"357\" srcset=\"https:\/\/luisrodriguez.pe\/blog\/wp-content\/uploads\/2022\/11\/image.png 350w, https:\/\/luisrodriguez.pe\/blog\/wp-content\/uploads\/2022\/11\/image-294x300.png 294w\" sizes=\"(max-width: 350px) 100vw, 350px\" \/><\/a>Hola!<\/strong><\/h1>\n<p>Soy Luis Rodriguez, radico en Lima \u2013 Per\u00fa, formado en una carrera inform\u00e1tica, desempe\u00f1ando desde el 2007 como programador web y viendo proyectos desde Front End y Back End a lo que me perfile como Full Stack. Esta Experiencia junto a mi inter\u00e9s en la Anal\u00edtica Web me ayud\u00f3 mucho entender el funcionamiento interno de las herramientas de anal\u00edtica, con las que vengo trabajo activamente desde 2017.<\/p>\n<p>Luis Rodriguez.<\/p>\n","protected":false},"excerpt":{"rendered":"Hola! Soy Luis Rodriguez, radico en Lima \u2013 Per\u00fa, formado en una carrera inform\u00e1tica, desempe\u00f1ando desde el 2007 como programador web y viendo proyectos desde Front End y Back End a lo que me perfile como Full Stack. Esta Experiencia junto a mi inter\u00e9s en la Anal\u00edtica Web me ayud\u00f3 mucho entender el funcionamiento interno[&#8230;]","protected":false},"author":1,"featured_media":0,"parent":0,"menu_order":0,"comment_status":"open","ping_status":"open","template":"","meta":{"footnotes":""},"class_list":["post-143","page","type-page","status-publish","hentry"],"yoast_head":"<!-- This site is optimized with the Yoast SEO plugin v27.2 - https:\/\/yoast.com\/product\/yoast-seo-wordpress\/ -->\n<title>Acerca de Luis Rodriguez<\/title>\n<meta name=\"description\" content=\"Mi nombre es Luis Rodriguez apasasionado en las tecnologias de desarrollo por ende estoy en constante capacitacion o siendo autoditacta para estar al dia con las tecnologias.\" \/>\n<meta name=\"robots\" content=\"index, follow, max-snippet:-1, max-image-preview:large, max-video-preview:-1\" \/>\n<link rel=\"canonical\" href=\"https:\/\/luisrodriguez.pe\/blog\/acerca-de-mi\/\" \/>\n<meta property=\"og:locale\" content=\"es_ES\" \/>\n<meta property=\"og:type\" content=\"article\" \/>\n<meta property=\"og:title\" content=\"Acerca de Luis Rodriguez\" \/>\n<meta property=\"og:description\" content=\"Mi nombre es Luis Rodriguez apasasionado en las tecnologias de desarrollo por ende estoy en constante capacitacion o siendo autoditacta para estar al dia con las tecnologias.\" \/>\n<meta property=\"og:url\" content=\"https:\/\/luisrodriguez.pe\/blog\/acerca-de-mi\/\" \/>\n<meta property=\"og:site_name\" content=\"Blog Luis Rodriguez\" \/>\n<meta property=\"article:publisher\" content=\"https:\/\/www.facebook.com\/luisrodriguez.pe\" \/>\n<meta property=\"article:modified_time\" content=\"2022-11-08T00:35:18+00:00\" \/>\n<meta property=\"og:image\" content=\"http:\/\/luisrodriguez.pe\/blog\/wp-content\/uploads\/2022\/11\/image.png\" \/>\n<meta name=\"twitter:card\" content=\"summary_large_image\" \/>\n<meta name=\"twitter:site\" content=\"@luizmirodriguez\" \/>\n<script type=\"application\/ld+json\" class=\"yoast-schema-graph\">{\"@context\":\"https:\/\/schema.org\",\"@graph\":[{\"@type\":\"WebPage\",\"@id\":\"https:\/\/luisrodriguez.pe\/blog\/acerca-de-mi\/\",\"url\":\"https:\/\/luisrodriguez.pe\/blog\/acerca-de-mi\/\",\"name\":\"Acerca de Luis Rodriguez\",\"isPartOf\":{\"@id\":\"https:\/\/luisrodriguez.pe\/blog\/#website\"},\"primaryImageOfPage\":{\"@id\":\"https:\/\/luisrodriguez.pe\/blog\/acerca-de-mi\/#primaryimage\"},\"image\":{\"@id\":\"https:\/\/luisrodriguez.pe\/blog\/acerca-de-mi\/#primaryimage\"},\"thumbnailUrl\":\"http:\/\/luisrodriguez.pe\/blog\/wp-content\/uploads\/2022\/11\/image.png\",\"datePublished\":\"2012-09-13T16:08:19+00:00\",\"dateModified\":\"2022-11-08T00:35:18+00:00\",\"description\":\"Mi nombre es Luis Rodriguez apasasionado en las tecnologias de desarrollo por ende estoy en constante capacitacion o siendo autoditacta para estar al dia con las tecnologias.\",\"breadcrumb\":{\"@id\":\"https:\/\/luisrodriguez.pe\/blog\/acerca-de-mi\/#breadcrumb\"},\"inLanguage\":\"es\",\"potentialAction\":[{\"@type\":\"ReadAction\",\"target\":[\"https:\/\/luisrodriguez.pe\/blog\/acerca-de-mi\/\"]}]},{\"@type\":\"ImageObject\",\"inLanguage\":\"es\",\"@id\":\"https:\/\/luisrodriguez.pe\/blog\/acerca-de-mi\/#primaryimage\",\"url\":\"https:\/\/luisrodriguez.pe\/blog\/wp-content\/uploads\/2022\/11\/image.png\",\"contentUrl\":\"https:\/\/luisrodriguez.pe\/blog\/wp-content\/uploads\/2022\/11\/image.png\",\"width\":350,\"height\":357},{\"@type\":\"BreadcrumbList\",\"@id\":\"https:\/\/luisrodriguez.pe\/blog\/acerca-de-mi\/#breadcrumb\",\"itemListElement\":[{\"@type\":\"ListItem\",\"position\":1,\"name\":\"Portada\",\"item\":\"https:\/\/luisrodriguez.pe\/blog\/\"},{\"@type\":\"ListItem\",\"position\":2,\"name\":\"Acerca de mi\"}]},{\"@type\":\"WebSite\",\"@id\":\"https:\/\/luisrodriguez.pe\/blog\/#website\",\"url\":\"https:\/\/luisrodriguez.pe\/blog\/\",\"name\":\"Blog Luis Rodriguez\",\"description\":\"Analytics Developer\",\"potentialAction\":[{\"@type\":\"SearchAction\",\"target\":{\"@type\":\"EntryPoint\",\"urlTemplate\":\"https:\/\/luisrodriguez.pe\/blog\/?s={search_term_string}\"},\"query-input\":{\"@type\":\"PropertyValueSpecification\",\"valueRequired\":true,\"valueName\":\"search_term_string\"}}],\"inLanguage\":\"es\"}]}<\/script>\n<!-- \/ Yoast SEO plugin. -->","yoast_head_json":{"title":"Acerca de Luis Rodriguez","description":"Mi nombre es Luis Rodriguez apasasionado en las tecnologias de desarrollo por ende estoy en constante capacitacion o siendo autoditacta para estar al dia con las tecnologias.","robots":{"index":"index","follow":"follow","max-snippet":"max-snippet:-1","max-image-preview":"max-image-preview:large","max-video-preview":"max-video-preview:-1"},"canonical":"https:\/\/luisrodriguez.pe\/blog\/acerca-de-mi\/","og_locale":"es_ES","og_type":"article","og_title":"Acerca de Luis Rodriguez","og_description":"Mi nombre es Luis Rodriguez apasasionado en las tecnologias de desarrollo por ende estoy en constante capacitacion o siendo autoditacta para estar al dia con las tecnologias.","og_url":"https:\/\/luisrodriguez.pe\/blog\/acerca-de-mi\/","og_site_name":"Blog Luis Rodriguez","article_publisher":"https:\/\/www.facebook.com\/luisrodriguez.pe","article_modified_time":"2022-11-08T00:35:18+00:00","og_image":[{"url":"http:\/\/luisrodriguez.pe\/blog\/wp-content\/uploads\/2022\/11\/image.png","type":"","width":"","height":""}],"twitter_card":"summary_large_image","twitter_site":"@luizmirodriguez","schema":{"@context":"https:\/\/schema.org","@graph":[{"@type":"WebPage","@id":"https:\/\/luisrodriguez.pe\/blog\/acerca-de-mi\/","url":"https:\/\/luisrodriguez.pe\/blog\/acerca-de-mi\/","name":"Acerca de Luis Rodriguez","isPartOf":{"@id":"https:\/\/luisrodriguez.pe\/blog\/#website"},"primaryImageOfPage":{"@id":"https:\/\/luisrodriguez.pe\/blog\/acerca-de-mi\/#primaryimage"},"image":{"@id":"https:\/\/luisrodriguez.pe\/blog\/acerca-de-mi\/#primaryimage"},"thumbnailUrl":"http:\/\/luisrodriguez.pe\/blog\/wp-content\/uploads\/2022\/11\/image.png","datePublished":"2012-09-13T16:08:19+00:00","dateModified":"2022-11-08T00:35:18+00:00","description":"Mi nombre es Luis Rodriguez apasasionado en las tecnologias de desarrollo por ende estoy en constante capacitacion o siendo autoditacta para estar al dia con las tecnologias.","breadcrumb":{"@id":"https:\/\/luisrodriguez.pe\/blog\/acerca-de-mi\/#breadcrumb"},"inLanguage":"es","potentialAction":[{"@type":"ReadAction","target":["https:\/\/luisrodriguez.pe\/blog\/acerca-de-mi\/"]}]},{"@type":"ImageObject","inLanguage":"es","@id":"https:\/\/luisrodriguez.pe\/blog\/acerca-de-mi\/#primaryimage","url":"https:\/\/luisrodriguez.pe\/blog\/wp-content\/uploads\/2022\/11\/image.png","contentUrl":"https:\/\/luisrodriguez.pe\/blog\/wp-content\/uploads\/2022\/11\/image.png","width":350,"height":357},{"@type":"BreadcrumbList","@id":"https:\/\/luisrodriguez.pe\/blog\/acerca-de-mi\/#breadcrumb","itemListElement":[{"@type":"ListItem","position":1,"name":"Portada","item":"https:\/\/luisrodriguez.pe\/blog\/"},{"@type":"ListItem","position":2,"name":"Acerca de mi"}]},{"@type":"WebSite","@id":"https:\/\/luisrodriguez.pe\/blog\/#website","url":"https:\/\/luisrodriguez.pe\/blog\/","name":"Blog Luis Rodriguez","description":"Analytics Developer","potentialAction":[{"@type":"SearchAction","target":{"@type":"EntryPoint","urlTemplate":"https:\/\/luisrodriguez.pe\/blog\/?s={search_term_string}"},"query-input":{"@type":"PropertyValueSpecification","valueRequired":true,"valueName":"search_term_string"}}],"inLanguage":"es"}]}},"_links":{"self":[{"href":"https:\/\/luisrodriguez.pe\/blog\/wp-json\/wp\/v2\/pages\/143","targetHints":{"allow":["GET"]}}],"collection":[{"href":"https:\/\/luisrodriguez.pe\/blog\/wp-json\/wp\/v2\/pages"}],"about":[{"href":"https:\/\/luisrodriguez.pe\/blog\/wp-json\/wp\/v2\/types\/page"}],"author":[{"embeddable":true,"href":"https:\/\/luisrodriguez.pe\/blog\/wp-json\/wp\/v2\/users\/1"}],"replies":[{"embeddable":true,"href":"https:\/\/luisrodriguez.pe\/blog\/wp-json\/wp\/v2\/comments?post=143"}],"version-history":[{"count":11,"href":"https:\/\/luisrodriguez.pe\/blog\/wp-json\/wp\/v2\/pages\/143\/revisions"}],"predecessor-version":[{"id":1607,"href":"https:\/\/luisrodriguez.pe\/blog\/wp-json\/wp\/v2\/pages\/143\/revisions\/1607"}],"wp:attachment":[{"href":"https:\/\/luisrodriguez.pe\/blog\/wp-json\/wp\/v2\/media?parent=143"}],"curies":[{"name":"wp","href":"https:\/\/api.w.org\/{rel}","templated":true}]}}